{"id":25,"date":"2022-03-28T18:27:51","date_gmt":"2022-03-28T18:27:51","guid":{"rendered":"https:\/\/beta23.customermedia.net\/?page_id=25"},"modified":"2023-02-09T12:19:49","modified_gmt":"2023-02-09T12:19:49","slug":"25-2","status":"publish","type":"page","link":"https:\/\/customermedia.net\/?page_id=25","title":{"rendered":"Contacta"},"content":{"rendered":"<p>[et_pb_section fb_built=\u00bb1&#8243; fullwidth=\u00bbon\u00bb admin_label=\u00bbHero Section\u00bb _builder_version=\u00bb4.15&#8243; global_colors_info=\u00bb{}\u00bb][et_pb_fullwidth_header title=\u00bbCont\u00e1ctanos\u00bb text_orientation=\u00bbcenter\u00bb header_fullscreen=\u00bbon\u00bb background_overlay_color=\u00bbrgba(0,0,0,0.5)\u00bb title_font_color=\u00bb#ffffff\u00bb subhead_font_color=\u00bb#ffffff\u00bb admin_label=\u00bbFullwidth Header\u00bb _builder_version=\u00bb4.15.1&#8243; title_font=\u00bbNunito||||||||\u00bb title_text_color=\u00bb#ffffff\u00bb title_font_size=\u00bb80px\u00bb content_font=\u00bb||||||||\u00bb subhead_font=\u00bbOpen Sans||||||||\u00bb subhead_text_color=\u00bb#ffffff\u00bb subhead_font_size=\u00bb24px\u00bb subhead_line_height=\u00bb1.6em\u00bb background_color=\u00bbrgba(255, 255, 255, 0)\u00bb background_image=\u00bbhttps:\/\/customermedia.net\/wp-content\/uploads\/2022\/03\/a-web-eventos.png\u00bb custom_button_one=\u00bbon\u00bb button_one_text_size=\u00bb14px\u00bb button_one_text_color=\u00bb#ffffff\u00bb button_one_bg_color=\u00bb#0099e5&#8243; button_one_border_width=\u00bb12px\u00bb button_one_border_color=\u00bb#0099e5&#8243; button_one_border_radius=\u00bb0px\u00bb button_one_letter_spacing=\u00bb2px\u00bb button_one_font=\u00bbNunito|700||on|||||\u00bb button_one_use_icon=\u00bboff\u00bb background_layout=\u00bblight\u00bb animation_style=\u00bbfade\u00bb title_font_size_tablet=\u00bb\u00bb title_font_size_phone=\u00bb48px\u00bb title_font_size_last_edited=\u00bbon|phone\u00bb subhead_font_size_tablet=\u00bb\u00bb subhead_font_size_phone=\u00bb\u00bb subhead_font_size_last_edited=\u00bbon|phone\u00bb button_one_text_color_hover=\u00bb#ffffff\u00bb button_one_border_color_hover=\u00bb#0099e5&#8243; button_one_border_radius_hover=\u00bb0px\u00bb button_one_letter_spacing_hover=\u00bb2px\u00bb button_one_bg_color_hover=\u00bb#0099e5&#8243; global_colors_info=\u00bb{}\u00bb button_one_text_size__hover_enabled=\u00bboff\u00bb button_two_text_size__hover_enabled=\u00bboff\u00bb button_one_text_color__hover_enabled=\u00bbon\u00bb button_one_text_color__hover=\u00bb#ffffff\u00bb button_two_text_color__hover_enabled=\u00bboff\u00bb button_one_border_width__hover_enabled=\u00bboff\u00bb button_two_border_width__hover_enabled=\u00bboff\u00bb button_one_border_color__hover_enabled=\u00bbon\u00bb button_one_border_color__hover=\u00bb#0099e5&#8243; button_two_border_color__hover_enabled=\u00bboff\u00bb button_one_border_radius__hover_enabled=\u00bbon\u00bb button_one_border_radius__hover=\u00bb0px\u00bb button_two_border_radius__hover_enabled=\u00bboff\u00bb button_one_letter_spacing__hover_enabled=\u00bbon\u00bb button_one_letter_spacing__hover=\u00bb2px\u00bb button_two_letter_spacing__hover_enabled=\u00bboff\u00bb button_one_bg_color__hover_enabled=\u00bbon\u00bb button_one_bg_color__hover=\u00bb#0099e5&#8243; button_two_bg_color__hover_enabled=\u00bboff\u00bb][\/et_pb_fullwidth_header][\/et_pb_section][et_pb_section fb_built=\u00bb1&#8243; admin_label=\u00bbContact Section\u00bb _builder_version=\u00bb4.15&#8243; custom_padding=\u00bb0px||0px|\u00bb global_colors_info=\u00bb{}\u00bb][et_pb_row column_structure=\u00bb1_2,1_2&#8243; use_custom_gutter=\u00bbon\u00bb gutter_width=\u00bb1&#8243; make_equal=\u00bbon\u00bb admin_label=\u00bbRow\u00bb module_class=\u00bb et_pb_row_fullwidth\u00bb _builder_version=\u00bb4.15.1&#8243; width=\u00bb100%\u00bb width_tablet=\u00bb100%\u00bb width_phone=\u00bb100%\u00bb width_last_edited=\u00bbon|desktop\u00bb max_width=\u00bb100%\u00bb max_width_tablet=\u00bb100%\u00bb max_width_phone=\u00bb100%\u00bb max_width_last_edited=\u00bbon|desktop\u00bb custom_padding=\u00bb0px||0px|\u00bb make_fullwidth=\u00bbon\u00bb custom_width_px=\u00bb2600px\u00bb global_colors_info=\u00bb{}\u00bb][et_pb_column type=\u00bb1_2&#8243; _builder_version=\u00bb4.15&#8243; custom_padding=\u00bb110px|10%|110px|10%\u00bb global_colors_info=\u00bb{}\u00bb custom_padding__hover=\u00bb|||\u00bb][et_pb_text admin_label=\u00bbTitle\u00bb _builder_version=\u00bb4.15&#8243; text_font=\u00bb||||||||\u00bb header_font=\u00bb||||||||\u00bb header_2_font=\u00bbNunito||||||||\u00bb header_2_text_color=\u00bb#263954&#8243; header_2_font_size=\u00bb36px\u00bb header_2_line_height=\u00bb1.4em\u00bb custom_margin=\u00bb||5px|\u00bb animation_style=\u00bbfold\u00bb animation_direction=\u00bbbottom\u00bb animation_intensity_fold=\u00bb20%\u00bb animation_starting_opacity=\u00bb100%\u00bb global_colors_info=\u00bb{}\u00bb]<\/p>\n<h2>Encr\u00edbenos !<\/h2>\n<p>[\/et_pb_text][et_pb_divider color=\u00bb#0099e5&#8243; divider_position=\u00bbcenter\u00bb divider_weight=\u00bb2px\u00bb _builder_version=\u00bb4.15.1&#8243; max_width=\u00bb50px\u00bb module_alignment=\u00bbleft\u00bb custom_margin=\u00bb||30px|\u00bb locked=\u00bboff\u00bb global_colors_info=\u00bb{}\u00bb][\/et_pb_divider][et_pb_contact_form email=\u00bbpatricia.hernandez@ecustomer.es\u00bb custom_message=\u00bbNombre: %%Nombre%%||et_pb_line_break_holder||Email: %%Email%%||et_pb_line_break_holder||Mensaje: %%Mensaje%%\u00bb submit_button_text=\u00bbEnviar\u00bb module_id=\u00bbet_pb_contact_form_0&#8243; _builder_version=\u00bb4.15.1&#8243; form_field_background_color=\u00bbrgba(0,0,0,0)\u00bb form_field_text_color=\u00bb#707985&#8243; form_field_font=\u00bb||||||||\u00bb custom_button=\u00bbon\u00bb button_text_size=\u00bb14px\u00bb button_text_color=\u00bb#ffffff\u00bb button_bg_color=\u00bb#0099e5&#8243; button_border_width=\u00bb8px\u00bb button_border_color=\u00bb#0099e5&#8243; button_border_radius=\u00bb0px\u00bb button_letter_spacing=\u00bb2px\u00bb button_font=\u00bb|700||on|||||\u00bb button_use_icon=\u00bboff\u00bb max_width=\u00bb700px\u00bb module_alignment=\u00bbcenter\u00bb animation_style=\u00bbflip\u00bb animation_intensity_flip=\u00bb20%\u00bb animation_starting_opacity=\u00bb100%\u00bb hover_enabled=\u00bb0&#8243; border_width_all=\u00bb1px\u00bb border_color_all=\u00bbrgba(0,0,0,0.12)\u00bb border_style_all=\u00bbsolid\u00bb use_border_color=\u00bbon\u00bb border_color=\u00bbrgba(0,0,0,0.12)\u00bb form_background_color=\u00bbrgba(0,0,0,0)\u00bb global_colors_info=\u00bb{}\u00bb button_text_color_hover=\u00bb#ffffff\u00bb button_bg_color_hover=\u00bb#0099e5&#8243; button_border_color_hover=\u00bb#0099e5&#8243; button_border_radius_hover=\u00bb0px\u00bb button_letter_spacing_hover=\u00bb2px\u00bb sticky_enabled=\u00bb0&#8243;][et_pb_contact_field field_id=\u00bbNombre\u00bb field_title=\u00bbNombre\u00bb _builder_version=\u00bb4.15.1&#8243; global_colors_info=\u00bb{}\u00bb button_text_size__hover_enabled=\u00bboff\u00bb button_one_text_size__hover_enabled=\u00bboff\u00bb button_two_text_size__hover_enabled=\u00bboff\u00bb button_text_color__hover_enabled=\u00bboff\u00bb button_one_text_color__hover_enabled=\u00bboff\u00bb button_two_text_color__hover_enabled=\u00bboff\u00bb button_border_width__hover_enabled=\u00bboff\u00bb button_one_border_width__hover_enabled=\u00bboff\u00bb button_two_border_width__hover_enabled=\u00bboff\u00bb button_border_color__hover_enabled=\u00bboff\u00bb button_one_border_color__hover_enabled=\u00bboff\u00bb button_two_border_color__hover_enabled=\u00bboff\u00bb button_border_radius__hover_enabled=\u00bboff\u00bb button_one_border_radius__hover_enabled=\u00bboff\u00bb button_two_border_radius__hover_enabled=\u00bboff\u00bb button_letter_spacing__hover_enabled=\u00bboff\u00bb button_one_letter_spacing__hover_enabled=\u00bboff\u00bb button_two_letter_spacing__hover_enabled=\u00bboff\u00bb button_bg_color__hover_enabled=\u00bboff\u00bb button_one_bg_color__hover_enabled=\u00bboff\u00bb button_two_bg_color__hover_enabled=\u00bboff\u00bb][\/et_pb_contact_field][et_pb_contact_field field_id=\u00bbEmail\u00bb field_title=\u00bbEmail\u00bb field_type=\u00bbemail\u00bb _builder_version=\u00bb4.15.1&#8243; global_colors_info=\u00bb{}\u00bb button_text_size__hover_enabled=\u00bboff\u00bb button_one_text_size__hover_enabled=\u00bboff\u00bb button_two_text_size__hover_enabled=\u00bboff\u00bb button_text_color__hover_enabled=\u00bboff\u00bb button_one_text_color__hover_enabled=\u00bboff\u00bb button_two_text_color__hover_enabled=\u00bboff\u00bb button_border_width__hover_enabled=\u00bboff\u00bb button_one_border_width__hover_enabled=\u00bboff\u00bb button_two_border_width__hover_enabled=\u00bboff\u00bb button_border_color__hover_enabled=\u00bboff\u00bb button_one_border_color__hover_enabled=\u00bboff\u00bb button_two_border_color__hover_enabled=\u00bboff\u00bb button_border_radius__hover_enabled=\u00bboff\u00bb button_one_border_radius__hover_enabled=\u00bboff\u00bb button_two_border_radius__hover_enabled=\u00bboff\u00bb button_letter_spacing__hover_enabled=\u00bboff\u00bb button_one_letter_spacing__hover_enabled=\u00bboff\u00bb button_two_letter_spacing__hover_enabled=\u00bboff\u00bb button_bg_color__hover_enabled=\u00bboff\u00bb button_one_bg_color__hover_enabled=\u00bboff\u00bb button_two_bg_color__hover_enabled=\u00bboff\u00bb][\/et_pb_contact_field][et_pb_contact_field field_id=\u00bbMensaje\u00bb field_title=\u00bbMensaje\u00bb field_type=\u00bbtext\u00bb fullwidth_field=\u00bbon\u00bb _builder_version=\u00bb4.15.1&#8243; global_colors_info=\u00bb{}\u00bb button_text_size__hover_enabled=\u00bboff\u00bb button_one_text_size__hover_enabled=\u00bboff\u00bb button_two_text_size__hover_enabled=\u00bboff\u00bb button_text_color__hover_enabled=\u00bboff\u00bb button_one_text_color__hover_enabled=\u00bboff\u00bb button_two_text_color__hover_enabled=\u00bboff\u00bb button_border_width__hover_enabled=\u00bboff\u00bb button_one_border_width__hover_enabled=\u00bboff\u00bb button_two_border_width__hover_enabled=\u00bboff\u00bb button_border_color__hover_enabled=\u00bboff\u00bb button_one_border_color__hover_enabled=\u00bboff\u00bb button_two_border_color__hover_enabled=\u00bboff\u00bb button_border_radius__hover_enabled=\u00bboff\u00bb button_one_border_radius__hover_enabled=\u00bboff\u00bb button_two_border_radius__hover_enabled=\u00bboff\u00bb button_letter_spacing__hover_enabled=\u00bboff\u00bb button_one_letter_spacing__hover_enabled=\u00bboff\u00bb button_two_letter_spacing__hover_enabled=\u00bboff\u00bb button_bg_color__hover_enabled=\u00bboff\u00bb button_one_bg_color__hover_enabled=\u00bboff\u00bb button_two_bg_color__hover_enabled=\u00bboff\u00bb][\/et_pb_contact_field][\/et_pb_contact_form][\/et_pb_column][et_pb_column type=\u00bb1_2&#8243; _builder_version=\u00bb4.15.1&#8243; background_color=\u00bb#0099e5&#8243; background_image=\u00bbhttps:\/\/customermedia.net\/wp-content\/uploads\/2022\/03\/Congreso.png\u00bb custom_padding=\u00bb110px|10%|110px|10%\u00bb global_colors_info=\u00bb{}\u00bb custom_padding__hover=\u00bb|||\u00bb][et_pb_text admin_label=\u00bbTitle\u00bb _builder_version=\u00bb4.15&#8243; text_font=\u00bb||||||||\u00bb header_font=\u00bb||||||||\u00bb header_2_font=\u00bbNunito||||||||\u00bb header_2_font_size=\u00bb36px\u00bb header_2_line_height=\u00bb1.4em\u00bb background_layout=\u00bbdark\u00bb custom_margin=\u00bb||5px|\u00bb animation_style=\u00bbfold\u00bb animation_direction=\u00bbbottom\u00bb animation_intensity_fold=\u00bb20%\u00bb animation_starting_opacity=\u00bb100%\u00bb global_colors_info=\u00bb{}\u00bb]<\/p>\n<h2><\/h2>\n<h2>Expertos en captar el ambiente<\/h2>\n<p>[\/et_pb_text][et_pb_divider color=\u00bb#ffffff\u00bb divider_position=\u00bbcenter\u00bb divider_weight=\u00bb2px\u00bb _builder_version=\u00bb4.15&#8243; max_width=\u00bb50px\u00bb module_alignment=\u00bbleft\u00bb custom_margin=\u00bb||30px|\u00bb locked=\u00bboff\u00bb global_colors_info=\u00bb{}\u00bb][\/et_pb_divider][et_pb_text _builder_version=\u00bb4.15.1&#8243; text_font=\u00bb||||||||\u00bb text_font_size=\u00bb15px\u00bb text_line_height=\u00bb1.8em\u00bb background_layout=\u00bbdark\u00bb custom_margin=\u00bb||35px|\u00bb animation_style=\u00bbfold\u00bb animation_direction=\u00bbbottom\u00bb animation_intensity_fold=\u00bb20%\u00bb animation_starting_opacity=\u00bb100%\u00bb global_colors_info=\u00bb{}\u00bb]<\/p>\n<p>Somos expertos en captar la esencia, el ambiente&#8230; adem\u00e1s de las decisiones y momentos clave, creando v\u00eddeos din\u00e1micos, creativos, recogiendo lo esencial.<\/p>\n<p>[\/et_pb_text][\/et_pb_column][\/et_pb_row][\/et_pb_section][et_pb_section fb_built=\u00bb1&#8243; admin_label=\u00bbFAQ Section\u00bb _builder_version=\u00bb4.15&#8243; background_color=\u00bb#f7f7f7&#8243; custom_padding=\u00bb110px||110px|\u00bb global_colors_info=\u00bb{}\u00bb][et_pb_row admin_label=\u00bbTitle Area\u00bb _builder_version=\u00bb4.15&#8243; global_colors_info=\u00bb{}\u00bb][et_pb_column type=\u00bb4_4&#8243; _builder_version=\u00bb4.15&#8243; custom_padding=\u00bb|||\u00bb global_colors_info=\u00bb{}\u00bb custom_padding__hover=\u00bb|||\u00bb][et_pb_text admin_label=\u00bbTitle\u00bb _builder_version=\u00bb4.15.1&#8243; text_font=\u00bb||||||||\u00bb header_font=\u00bb||||||||\u00bb header_2_font=\u00bbNunito||||||||\u00bb header_2_text_align=\u00bbcenter\u00bb header_2_text_color=\u00bb#263954&#8243; header_2_font_size=\u00bb36px\u00bb header_2_line_height=\u00bb1.4em\u00bb max_width=\u00bb700px\u00bb module_alignment=\u00bbcenter\u00bb custom_margin=\u00bb||5px|\u00bb animation_style=\u00bbfold\u00bb animation_direction=\u00bbbottom\u00bb animation_intensity_fold=\u00bb20%\u00bb animation_starting_opacity=\u00bb100%\u00bb global_colors_info=\u00bb{}\u00bb]<\/p>\n<h2>Preguntas Frecuentes<\/h2>\n<p>[\/et_pb_text][et_pb_divider color=\u00bb#0099e5&#8243; divider_position=\u00bbcenter\u00bb divider_weight=\u00bb2px\u00bb _builder_version=\u00bb4.15&#8243; max_width=\u00bb50px\u00bb module_alignment=\u00bbcenter\u00bb global_colors_info=\u00bb{}\u00bb][\/et_pb_divider][\/et_pb_column][\/et_pb_row][et_pb_row column_structure=\u00bb1_2,1_2&#8243; admin_label=\u00bbFAQ\u00bb _builder_version=\u00bb4.15&#8243; global_colors_info=\u00bb{}\u00bb][et_pb_column type=\u00bb1_2&#8243; _builder_version=\u00bb4.15&#8243; custom_padding=\u00bb|||\u00bb global_colors_info=\u00bb{}\u00bb custom_padding__hover=\u00bb|||\u00bb][et_pb_text admin_label=\u00bbFAQ\u00bb _builder_version=\u00bb4.15.1&#8243; text_font=\u00bb||||||||\u00bb text_text_color=\u00bb#707985&#8243; text_font_size=\u00bb15px\u00bb text_line_height=\u00bb1.8em\u00bb header_font=\u00bb||||||||\u00bb header_2_font=\u00bb||||||||\u00bb header_3_font=\u00bbNunito||||||||\u00bb header_3_text_color=\u00bb#263954&#8243; header_3_font_size=\u00bb24px\u00bb header_3_line_height=\u00bb1.3em\u00bb custom_margin=\u00bb|||\u00bb animation_style=\u00bbfold\u00bb animation_direction=\u00bbbottom\u00bb animation_intensity_fold=\u00bb20%\u00bb animation_starting_opacity=\u00bb100%\u00bb locked=\u00bboff\u00bb global_colors_info=\u00bb{}\u00bb]<\/p>\n<h3>\u00bfQu\u00e9 necesito para retransmitir un evento?<\/h3>\n<p>Las comunicaciones (internet), nosotros te ponemos la c\u00e1mara, el micr\u00f3fono y todo lo que hace falta.<\/p>\n<p>[\/et_pb_text][et_pb_text admin_label=\u00bbFAQ\u00bb _builder_version=\u00bb4.15.1&#8243; text_font=\u00bb||||||||\u00bb text_text_color=\u00bb#707985&#8243; text_font_size=\u00bb15px\u00bb text_line_height=\u00bb1.8em\u00bb header_font=\u00bb||||||||\u00bb header_2_font=\u00bb||||||||\u00bb header_3_font=\u00bbNunito||||||||\u00bb header_3_text_color=\u00bb#263954&#8243; header_3_font_size=\u00bb24px\u00bb custom_margin=\u00bb|||\u00bb animation_style=\u00bbfold\u00bb animation_direction=\u00bbbottom\u00bb animation_intensity_fold=\u00bb20%\u00bb animation_starting_opacity=\u00bb100%\u00bb locked=\u00bboff\u00bb global_colors_info=\u00bb{}\u00bb]<\/p>\n<h3>\u00bfPuedo retransmitir un evento en vivo a no asistentes?<\/h3>\n<p>S\u00ed, s\u00f3lo necesitas comunicaciones, es muy sencillo, y los asistentes pueden participar, como si estuvieran presentes.<\/p>\n<p>[\/et_pb_text][et_pb_text admin_label=\u00bbFAQ\u00bb _builder_version=\u00bb4.15.1&#8243; text_font=\u00bb||||||||\u00bb text_text_color=\u00bb#707985&#8243; text_font_size=\u00bb15px\u00bb text_line_height=\u00bb1.8em\u00bb header_font=\u00bb||||||||\u00bb header_2_font=\u00bb||||||||\u00bb header_3_font=\u00bbNunito||||||||\u00bb header_3_text_color=\u00bb#263954&#8243; header_3_font_size=\u00bb24px\u00bb header_3_line_height=\u00bb1.3em\u00bb custom_margin=\u00bb|||\u00bb animation_style=\u00bbfold\u00bb animation_direction=\u00bbbottom\u00bb animation_intensity_fold=\u00bb20%\u00bb animation_starting_opacity=\u00bb100%\u00bb locked=\u00bboff\u00bb global_colors_info=\u00bb{}\u00bb]<\/p>\n<h3>\u00bfC\u00f3mo pueden participar los no asistentes?<\/h3>\n<p>Pueden escribir en el chat de la retransmisi\u00f3n, pueden incluso votar decisiones que se est\u00e9n tomando en el Evento, la retransmisi\u00f3n permite muchas posibilidades.<\/p>\n<p>[\/et_pb_text][\/et_pb_column][et_pb_column type=\u00bb1_2&#8243; _builder_version=\u00bb4.15&#8243; custom_padding=\u00bb|||\u00bb global_colors_info=\u00bb{}\u00bb custom_padding__hover=\u00bb|||\u00bb][et_pb_text admin_label=\u00bbFAQ\u00bb _builder_version=\u00bb4.15.1&#8243; text_font=\u00bb||||||||\u00bb text_text_color=\u00bb#707985&#8243; text_font_size=\u00bb15px\u00bb text_line_height=\u00bb1.8em\u00bb header_font=\u00bb||||||||\u00bb header_2_font=\u00bb||||||||\u00bb header_3_font=\u00bbNunito||||||||\u00bb header_3_text_color=\u00bb#263954&#8243; header_3_font_size=\u00bb24px\u00bb header_3_line_height=\u00bb1.3em\u00bb custom_margin=\u00bb|||\u00bb animation_style=\u00bbfold\u00bb animation_direction=\u00bbbottom\u00bb animation_intensity_fold=\u00bb20%\u00bb animation_starting_opacity=\u00bb100%\u00bb locked=\u00bboff\u00bb global_colors_info=\u00bb{}\u00bb]<\/p>\n<h3>\u00bfQu\u00e9 testimonios quedan del Evento?<\/h3>\n<p>Podemos producir un v\u00eddeo completo de todo el evento, y un v\u00eddeo resumen con las claves de lo hablado y decidido, y los momentos importantes.<\/p>\n<p>[\/et_pb_text][et_pb_text admin_label=\u00bbFAQ\u00bb _builder_version=\u00bb4.15.1&#8243; text_font=\u00bb||||||||\u00bb text_text_color=\u00bb#707985&#8243; text_font_size=\u00bb15px\u00bb text_line_height=\u00bb1.8em\u00bb header_font=\u00bb||||||||\u00bb header_2_font=\u00bb||||||||\u00bb header_3_font=\u00bbNunito||||||||\u00bb header_3_text_color=\u00bb#263954&#8243; header_3_font_size=\u00bb24px\u00bb header_3_line_height=\u00bb1.3em\u00bb custom_margin=\u00bb|||\u00bb animation_style=\u00bbfold\u00bb animation_direction=\u00bbbottom\u00bb animation_intensity_fold=\u00bb20%\u00bb animation_starting_opacity=\u00bb100%\u00bb locked=\u00bboff\u00bb global_colors_info=\u00bb{}\u00bb]<\/p>\n<h3>\u00bfC\u00f3mo puedo compartir el v\u00eddeo con otros?<\/h3>\n<p>Es posible controlar los permisos y dar acceso controlado y seguro a otras personas.<\/p>\n<p>[\/et_pb_text][et_pb_text admin_label=\u00bbFAQ\u00bb _builder_version=\u00bb4.15.1&#8243; text_font=\u00bb||||||||\u00bb text_text_color=\u00bb#707985&#8243; text_font_size=\u00bb15px\u00bb text_line_height=\u00bb1.8em\u00bb header_font=\u00bb||||||||\u00bb header_2_font=\u00bb||||||||\u00bb header_3_font=\u00bbNunito||||||||\u00bb header_3_text_color=\u00bb#263954&#8243; header_3_font_size=\u00bb24px\u00bb header_3_line_height=\u00bb1.3em\u00bb custom_margin=\u00bb|||\u00bb animation_style=\u00bbfold\u00bb animation_direction=\u00bbbottom\u00bb animation_intensity_fold=\u00bb20%\u00bb animation_starting_opacity=\u00bb100%\u00bb locked=\u00bboff\u00bb global_colors_info=\u00bb{}\u00bb]<\/p>\n<h3>\u00bfEs posible resumir lo acordado?<\/h3>\n<p>S\u00ed, podemos producir un v\u00eddeo conteniendo \u00fanicamente los acuerdos alcanzados.<\/p>\n<p>[\/et_pb_text][\/et_pb_column][\/et_pb_row][\/et_pb_section]<\/p>\n","protected":false},"excerpt":{"rendered":"<p>Encr\u00edbenos ! Expertos en captar el ambienteSomos expertos en captar la esencia, el ambiente&#8230; adem\u00e1s de las decisiones y momentos clave, creando v\u00eddeos din\u00e1micos, creativos, recogiendo lo esencial.Preguntas Frecuentes\u00bfQu\u00e9 necesito para retransmitir un evento? Las comunicaciones (internet), nosotros te ponemos la c\u00e1mara, el micr\u00f3fono y todo lo que hace falta.\u00bfPuedo retransmitir un evento en vivo [&hellip;]<\/p>\n","protected":false},"author":1,"featured_media":0,"parent":0,"menu_order":0,"comment_status":"closed","ping_status":"closed","template":"","meta":{"_et_pb_use_builder":"on","_et_pb_old_content":"","_et_gb_content_width":"","footnotes":""},"class_list":["post-25","page","type-page","status-publish","hentry"],"_links":{"self":[{"href":"https:\/\/customermedia.net\/index.php?rest_route=\/wp\/v2\/pages\/25","targetHints":{"allow":["GET"]}}],"collection":[{"href":"https:\/\/customermedia.net\/index.php?rest_route=\/wp\/v2\/pages"}],"about":[{"href":"https:\/\/customermedia.net\/index.php?rest_route=\/wp\/v2\/types\/page"}],"author":[{"embeddable":true,"href":"https:\/\/customermedia.net\/index.php?rest_route=\/wp\/v2\/users\/1"}],"replies":[{"embeddable":true,"href":"https:\/\/customermedia.net\/index.php?rest_route=%2Fwp%2Fv2%2Fcomments&post=25"}],"version-history":[{"count":10,"href":"https:\/\/customermedia.net\/index.php?rest_route=\/wp\/v2\/pages\/25\/revisions"}],"predecessor-version":[{"id":139,"href":"https:\/\/customermedia.net\/index.php?rest_route=\/wp\/v2\/pages\/25\/revisions\/139"}],"wp:attachment":[{"href":"https:\/\/customermedia.net\/index.php?rest_route=%2Fwp%2Fv2%2Fmedia&parent=25"}],"curies":[{"name":"wp","href":"https:\/\/api.w.org\/{rel}","templated":true}]}}